{"id":75,"date":"2017-02-11T17:35:24","date_gmt":"2017-02-11T17:35:24","guid":{"rendered":"http:\/\/xn--nrdiagnosenerbrystkrft-o5b7b.dk\/?page_id=75"},"modified":"2017-02-11T18:53:04","modified_gmt":"2017-02-11T18:53:04","slug":"akupunktur-reducerer-hedeture-og-forbedrer-sexlysten-hos-brystkraeftpatienter","status":"publish","type":"page","link":"https:\/\/xn--nrdiagnosenerbrystkrft-o5b7b.dk\/index.php\/artikler\/akupunktur-reducerer-hedeture-og-forbedrer-sexlysten-hos-brystkraeftpatienter\/","title":{"rendered":"Akupunktur reducerer hedeture og forbedrer sexlysten hos brystkr\u00e6ftpatienter"},"content":{"rendered":"<p>If\u00f8lge et studie fra Henry Ford Hospital er akupunktur ikke alene liges\u00e5 effektiv som medicin til at reducere hedeture hos brystkr\u00e6ftpatienter, men det har yderligere den potentielle effekt at kunne for\u00f8ge kvindens sexlyst og forbedre hendes velv\u00e6re.<\/p>\n<p>Studiet viste, at akupunktur sammenlignet med medicinsk behandling, havde en l\u00e6ngerevarende effekt p\u00e5 reduktionen af hedeture og nattesved hos kvinder, der f\u00e5r hormonterapi som behandling for brystkr\u00e6ft. Kvinderne rapporterede ogs\u00e5 om forbedring af energi og st\u00f8rre klarhed i hjernen som f\u00f8lge af akupunkturbehandlingerne.<img loading=\"lazy\" decoding=\"async\" class=\"size-medium wp-image-86 alignright\" src=\"http:\/\/xn--nrdiagnosenerbrystkrft-o5b7b.dk\/wp-content\/uploads\/2017\/02\/akupunktur1-300x201.jpg\" alt=\"\" width=\"300\" height=\"201\" srcset=\"https:\/\/xn--nrdiagnosenerbrystkrft-o5b7b.dk\/wp-content\/uploads\/2017\/02\/akupunktur1-300x201.jpg 300w, https:\/\/xn--nrdiagnosenerbrystkrft-o5b7b.dk\/wp-content\/uploads\/2017\/02\/akupunktur1-768x516.jpg 768w, https:\/\/xn--nrdiagnosenerbrystkrft-o5b7b.dk\/wp-content\/uploads\/2017\/02\/akupunktur1.jpg 800w\" sizes=\"auto, (max-width: 300px) 100vw, 300px\" \/><\/p>\n<p>Studiet, som blev publiceret i <em>Journal of Oncology <\/em><em>er det f\u00f8rste randomiserede, kontrollerede fors\u00f8g, som sammenlignede akupunktur og medicinsk behandling p\u00e5 denne m\u00e5de.<\/em><a href=\"http:\/\/n\u00e5rdiagnosenerbrystkr\u00e6ft.dk\/wp-admin\/post-new.php?post_type=page#_ftn1\" name=\"_ftnref1\">[1]<\/a><\/p>\n<p>Den konventionelle behandling af kvinder med brystkr\u00e6ft omfatter typisk kemoterapi og 5 \u00e5rs behandling med hormonterapi. Med s\u00e5 lang behandlingsperiode kan bivirkningerne af hormonterapien som hedeture og nattesved \u2013 blive en hoved\u00e5rsag til nedsat livskvalitet og endog afbrydelse af behandlingen.<\/p>\n<p>Venlafaxin (Effexor) er en medicinsk behandling, som gives for at mindske hormonterapiens bivirkninger, men den behandling medf\u00f8rer andre, almindelige og invaliderende bivirkninger som t\u00f8r mund, nedsat appetit, kvalme og forstoppelse.<\/p>\n<p>Da akupunktur har vist sig at v\u00e6re effektiv til at reducere hedeture hos kvinder i overgangsalderen, besluttede forskerne at afpr\u00f8ve brugen af akupunktur mod hormonterapiens bivirkninger som alternativ til den medicinske behandling.<\/p>\n<p>50 patienter blev rekrutteret fra Henry Fords kr\u00e6ftklinikker. Patienternhttp:\/\/n\u00e5rdiagnosenerbrystkr\u00e6ft.dk\/wp-admin\/media-upload.php?post_id=75&amp;type=image&amp;TB_iframe=1e blev randomiserede til at f\u00e5 enten akupunktur eller venlafaxin behandling i 12 uger. Medicin-gruppen fik venlafaxin oralt hver aften i en dosis p\u00e5 37,5 mg den f\u00f8rste uge og derefter 75 mg i de efterf\u00f8lgende 11 uger. Den anden gruppe fik akupunkturbehandling 2 gange om ugen de f\u00f8rste 4 uger og en gang om ugen de sidste 8 uger.<\/p>\n<p>Efter de 12 uger standsede alle patienter deres behandling og blev fulgt i 1 \u00e5r. Patienterne skrev dagbog for at notere antallet og graden af hedeture og gennemgik unders\u00f8gelser for at m\u00e5le den generelle og mentale sundhed.<\/p>\n<p>Studiet fandt, at begge grupper oplevede en 50% fald i hedeture og depressive symptomer, hvilket indikerer, at akupunktur er liges\u00e5 effektiv som medicinsk behandling.<\/p>\n<p>Forskellen mellem de to grupper begyndte imidlertid at vise sig 2 uger efter behandlingen. Akupunktur-gruppen fortsatte med at opleve minimale hedeture, mens medicin-gruppen fik en signifikant stigning i hedeturene. Akupunktur-gruppen oplevede ikke en for\u00f8gelse af frekvensen af hedeture f\u00f8r 3 m\u00e5neder efter behandlingen.<\/p>\n<p><a href=\"http:\/\/n\u00e5rdiagnosenerbrystkr\u00e6ft.dk\/wp-admin\/post-new.php?post_type=page#_ftnref1\" name=\"_ftn1\">[1]<\/a> Walker et al. <strong>Acupuncture Versus Venlafaxine for the Management of Vasomotor Symptoms in Patients With Hormone Receptor-Positive Breast Cancer: A Randomized Controlled Trial<\/strong>. <em>Journal of Clinical Oncology<\/em>, 2009; DOI: <a href=\"http:\/\/dx.doi.org\/10.1200\/JCO.2009.23.5150\">10.1200\/JCO.2009.23.5150<\/a> Henry Ford Health System (2009, December 30). Acupuncture reduces hot flashes, improves sex drive for breast cancer patients. http:\/\/www.sciencedaily.com\u00ad \/releases\/2009\/12\/091229105908.htm<\/p>\n<p>&nbsp;<\/p>\n","protected":false},"excerpt":{"rendered":"<p>If\u00f8lge et studie fra Henry Ford Hospital er akupunktur ikke alene liges\u00e5 effektiv som medicin til at reducere hedeture hos brystkr\u00e6ftpatienter, men det har yderligere den potentielle effekt at kunne for\u00f8ge kvindens sexlyst og forbedre hendes velv\u00e6re. Studiet viste, at &hellip; <a href=\"https:\/\/xn--nrdiagnosenerbrystkrft-o5b7b.dk\/index.php\/artikler\/akupunktur-reducerer-hedeture-og-forbedrer-sexlysten-hos-brystkraeftpatienter\/\">L\u00e6s resten <span class=\"meta-nav\">&rarr;<\/span><\/a><\/p>\n","protected":false},"author":1,"featured_media":0,"parent":59,"menu_order":0,"comment_status":"closed","ping_status":"closed","template":"","meta":{"footnotes":""},"class_list":["post-75","page","type-page","status-publish","hentry"],"_links":{"self":[{"href":"https:\/\/xn--nrdiagnosenerbrystkrft-o5b7b.dk\/index.php\/wp-json\/wp\/v2\/pages\/75","targetHints":{"allow":["GET"]}}],"collection":[{"href":"https:\/\/xn--nrdiagnosenerbrystkrft-o5b7b.dk\/index.php\/wp-json\/wp\/v2\/pages"}],"about":[{"href":"https:\/\/xn--nrdiagnosenerbrystkrft-o5b7b.dk\/index.php\/wp-json\/wp\/v2\/types\/page"}],"author":[{"embeddable":true,"href":"https:\/\/xn--nrdiagnosenerbrystkrft-o5b7b.dk\/index.php\/wp-json\/wp\/v2\/users\/1"}],"replies":[{"embeddable":true,"href":"https:\/\/xn--nrdiagnosenerbrystkrft-o5b7b.dk\/index.php\/wp-json\/wp\/v2\/comments?post=75"}],"version-history":[{"count":8,"href":"https:\/\/xn--nrdiagnosenerbrystkrft-o5b7b.dk\/index.php\/wp-json\/wp\/v2\/pages\/75\/revisions"}],"predecessor-version":[{"id":87,"href":"https:\/\/xn--nrdiagnosenerbrystkrft-o5b7b.dk\/index.php\/wp-json\/wp\/v2\/pages\/75\/revisions\/87"}],"up":[{"embeddable":true,"href":"https:\/\/xn--nrdiagnosenerbrystkrft-o5b7b.dk\/index.php\/wp-json\/wp\/v2\/pages\/59"}],"wp:attachment":[{"href":"https:\/\/xn--nrdiagnosenerbrystkrft-o5b7b.dk\/index.php\/wp-json\/wp\/v2\/media?parent=75"}],"curies":[{"name":"wp","href":"https:\/\/api.w.org\/{rel}","templated":true}]}}