{"id":59,"date":"2017-01-30T20:37:07","date_gmt":"2017-01-30T20:37:07","guid":{"rendered":"http:\/\/xn--nrdiagnosenerbrystkrft-o5b7b.dk\/?page_id=59"},"modified":"2017-02-17T14:25:03","modified_gmt":"2017-02-17T14:25:03","slug":"artikler","status":"publish","type":"page","link":"https:\/\/xn--nrdiagnosenerbrystkrft-o5b7b.dk\/index.php\/artikler\/","title":{"rendered":"Artikler"},"content":{"rendered":"<p>I h\u00f8jre side kan du se en r\u00e6kke artikler. Efter at du har l\u00e6st artiklen kan du f\u00e5 listen igen hvis\u00a0du trykker p\u00e5 &#8220;Artikler&#8221; i hovedmenuen<\/p>\n","protected":false},"excerpt":{"rendered":"<p>I h\u00f8jre side kan du se en r\u00e6kke artikler. Efter at du har l\u00e6st artiklen kan du f\u00e5 listen igen hvis\u00a0du trykker p\u00e5 &#8220;Artikler&#8221; i hovedmenuen<\/p>\n","protected":false},"author":1,"featured_media":0,"parent":0,"menu_order":0,"comment_status":"closed","ping_status":"closed","template":"","meta":{"footnotes":""},"class_list":["post-59","page","type-page","status-publish","hentry"],"_links":{"self":[{"href":"https:\/\/xn--nrdiagnosenerbrystkrft-o5b7b.dk\/index.php\/wp-json\/wp\/v2\/pages\/59","targetHints":{"allow":["GET"]}}],"collection":[{"href":"https:\/\/xn--nrdiagnosenerbrystkrft-o5b7b.dk\/index.php\/wp-json\/wp\/v2\/pages"}],"about":[{"href":"https:\/\/xn--nrdiagnosenerbrystkrft-o5b7b.dk\/index.php\/wp-json\/wp\/v2\/types\/page"}],"author":[{"embeddable":true,"href":"https:\/\/xn--nrdiagnosenerbrystkrft-o5b7b.dk\/index.php\/wp-json\/wp\/v2\/users\/1"}],"replies":[{"embeddable":true,"href":"https:\/\/xn--nrdiagnosenerbrystkrft-o5b7b.dk\/index.php\/wp-json\/wp\/v2\/comments?post=59"}],"version-history":[{"count":6,"href":"https:\/\/xn--nrdiagnosenerbrystkrft-o5b7b.dk\/index.php\/wp-json\/wp\/v2\/pages\/59\/revisions"}],"predecessor-version":[{"id":174,"href":"https:\/\/xn--nrdiagnosenerbrystkrft-o5b7b.dk\/index.php\/wp-json\/wp\/v2\/pages\/59\/revisions\/174"}],"wp:attachment":[{"href":"https:\/\/xn--nrdiagnosenerbrystkrft-o5b7b.dk\/index.php\/wp-json\/wp\/v2\/media?parent=59"}],"curies":[{"name":"wp","href":"https:\/\/api.w.org\/{rel}","templated":true}]}}