{"id":34,"date":"2017-01-29T12:18:15","date_gmt":"2017-01-29T12:18:15","guid":{"rendered":"http:\/\/xn--nrdiagnosenerbrystkrft-o5b7b.dk\/?page_id=34"},"modified":"2019-01-28T17:40:24","modified_gmt":"2019-01-28T16:40:24","slug":"forfatteren","status":"publish","type":"page","link":"https:\/\/xn--nrdiagnosenerbrystkrft-o5b7b.dk\/index.php\/forfatteren\/","title":{"rendered":"Forfatteren"},"content":{"rendered":"\n<div class=\"wp-block-image\"><figure class=\"alignright\"><img loading=\"lazy\" decoding=\"async\" width=\"160\" height=\"168\" src=\"https:\/\/xn--nrdiagnosenerbrystkrft-o5b7b.dk\/wp-content\/uploads\/2017\/01\/Inge_2_160.jpg\" alt=\"Inge Kellermann\" class=\"wp-image-55\"\/><\/figure><\/div>\n\n\n<p><strong>Inge Kellermann.<\/strong><\/p>\n<p><span style=\"font-weight: 400;\">Oprindeligt l\u00e6ste jeg historie p\u00e5 Aalborg Universitet og arbejdede i en \u00e5rr\u00e6kke som konsulent og leder indenfor folkeoplysningen og VUC. Jeg er desuden uddannet voksenunderviser, zoneterapeut og phytoterapeut. I dag r\u00e5dgiver jeg kr\u00e6ftpatienter, underviser alternative behandlere og holder foredrag udover at skrive b\u00f8ger. <\/span><\/p>\n<p><a href=\"https:\/\/www.facebook.com\/NarDiagnosenErKraeft\"><br \/>https:\/\/www.facebook.com\/NarDiagnosenErKraeft<br \/><\/a><a href=\"http:\/\/www.n\u00e5rdiagnosenerkr\u00e6ft.dk\">www.n\u00e5rdiagnosenerkr\u00e6ft.dk<\/a><br \/><a href=\"http:\/\/www.n\u00e5rdiagnosenerbrystkr\u00e6ft.dk\">www.n\u00e5rdiagnosenerbrystkr\u00e6ft.dk<\/a><br \/><a href=\"http:\/\/www.helsemail.dk\">www.helsemail.dk<\/a><\/p>","protected":false},"excerpt":{"rendered":"<p>Inge Kellermann. Oprindeligt l\u00e6ste jeg historie p\u00e5 Aalborg Universitet og arbejdede i en \u00e5rr\u00e6kke som konsulent og leder indenfor folkeoplysningen og VUC. Jeg er desuden uddannet voksenunderviser, zoneterapeut og phytoterapeut. I dag r\u00e5dgiver jeg kr\u00e6ftpatienter, underviser alternative behandlere og holder &hellip; <a href=\"https:\/\/xn--nrdiagnosenerbrystkrft-o5b7b.dk\/index.php\/forfatteren\/\">L\u00e6s resten <span class=\"meta-nav\">&rarr;<\/span><\/a><\/p>\n","protected":false},"author":1,"featured_media":0,"parent":0,"menu_order":0,"comment_status":"closed","ping_status":"closed","template":"","meta":{"footnotes":""},"class_list":["post-34","page","type-page","status-publish","hentry"],"_links":{"self":[{"href":"https:\/\/xn--nrdiagnosenerbrystkrft-o5b7b.dk\/index.php\/wp-json\/wp\/v2\/pages\/34","targetHints":{"allow":["GET"]}}],"collection":[{"href":"https:\/\/xn--nrdiagnosenerbrystkrft-o5b7b.dk\/index.php\/wp-json\/wp\/v2\/pages"}],"about":[{"href":"https:\/\/xn--nrdiagnosenerbrystkrft-o5b7b.dk\/index.php\/wp-json\/wp\/v2\/types\/page"}],"author":[{"embeddable":true,"href":"https:\/\/xn--nrdiagnosenerbrystkrft-o5b7b.dk\/index.php\/wp-json\/wp\/v2\/users\/1"}],"replies":[{"embeddable":true,"href":"https:\/\/xn--nrdiagnosenerbrystkrft-o5b7b.dk\/index.php\/wp-json\/wp\/v2\/comments?post=34"}],"version-history":[{"count":9,"href":"https:\/\/xn--nrdiagnosenerbrystkrft-o5b7b.dk\/index.php\/wp-json\/wp\/v2\/pages\/34\/revisions"}],"predecessor-version":[{"id":189,"href":"https:\/\/xn--nrdiagnosenerbrystkrft-o5b7b.dk\/index.php\/wp-json\/wp\/v2\/pages\/34\/revisions\/189"}],"wp:attachment":[{"href":"https:\/\/xn--nrdiagnosenerbrystkrft-o5b7b.dk\/index.php\/wp-json\/wp\/v2\/media?parent=34"}],"curies":[{"name":"wp","href":"https:\/\/api.w.org\/{rel}","templated":true}]}}