{"id":16,"date":"2017-01-08T13:11:12","date_gmt":"2017-01-08T13:11:12","guid":{"rendered":"http:\/\/xn--nrdiagnosenerbrystkrft-o5b7b.dk\/?page_id=16"},"modified":"2019-01-28T17:38:01","modified_gmt":"2019-01-28T16:38:01","slug":"velkommen-til-nar-diagnosen-er-brystkraeft","status":"publish","type":"page","link":"https:\/\/xn--nrdiagnosenerbrystkrft-o5b7b.dk\/","title":{"rendered":"Velkommen til hjemmesiden &#8211; N\u00e5r diagnosen er brystkr\u00e6ft."},"content":{"rendered":"\n<div class=\"wp-block-image\"><figure class=\"alignright is-resized\"><img loading=\"lazy\" decoding=\"async\" src=\"https:\/\/xn--nrdiagnosenerbrystkrft-o5b7b.dk\/wp-content\/uploads\/2017\/01\/N\u00e5r-diagnosen-er-brystkr\u00e6ft-1.jpg\" alt=\"\" class=\"wp-image-171\" width=\"218\" height=\"320\" srcset=\"https:\/\/xn--nrdiagnosenerbrystkrft-o5b7b.dk\/wp-content\/uploads\/2017\/01\/N\u00e5r-diagnosen-er-brystkr\u00e6ft-1.jpg 607w, https:\/\/xn--nrdiagnosenerbrystkrft-o5b7b.dk\/wp-content\/uploads\/2017\/01\/N\u00e5r-diagnosen-er-brystkr\u00e6ft-1-204x300.jpg 204w\" sizes=\"auto, (max-width: 218px) 100vw, 218px\" \/><\/figure><\/div>\n\n\n<p><span style=\"font-weight: 400;\">I Danmark lever mere end 62.000 kvinder med en brystkr\u00e6ftdiagnose. Langt de fleste supplerer l\u00e6gernes behandling med forskellige former for s\u00e5kaldte alternative behandlingemetoder. Dem er der mange af, men de vigtigste h\u00e6nger sammen med det, vi putter i munden og de aktiviteter, vi selv har styr p\u00e5. <\/span><\/p>\n<p><span style=\"font-weight: 400;\">Alternative behandlere behandler ikke kr\u00e6ft, men kr\u00e6ftpatienter. Den fornemste opgave er at styrke kroppen til at forebygge og bek\u00e6mpe kr\u00e6ftudvikling p\u00e5 et hvilket som helst stadie. Her er viden om betydningen af kost og livsstil de bedste redskaber. Det g\u00e6lder for \u00f8vrigt ogs\u00e5 alle andre kroniske sygdomme. Det er desuden ogs\u00e5 det, der bedst s\u00e6tter den enkelte kr\u00e6ftpatient i stand til at tage sagen i egen h\u00e5nd. <\/span><\/p>\n<p><span style=\"font-weight: 400;\">Gennem de sidste mange \u00e5r er der forsket utroligt meget i b\u00e5de psykiske faktorers indvirken p\u00e5 kr\u00e6ftudviklingen og specifikt plantestoffers medicinske egenskaber. Resultaterne er mangfoldige og forbl\u00f8ffende positive. <\/span><\/p>\n<p><span style=\"font-weight: 400;\">Med denne bog f\u00e5r du en skatkiste af evidensbaserede muligheder for selv at bidrage til et godt udfald af din sygdom. Det g\u00e6lder, b\u00e5de hvis du lige har f\u00e5et diagnosen og gerne vil styrke kroppen forud for kr\u00e6ftbehandlingerne, \u00f8nsker at optimere l\u00e6gens behandlinger eller afhj\u00e6lpe nogle af de bivirkninger, der er forbundet med kr\u00e6ftbehandlingerne.<\/span><\/p>\n<p><span style=\"font-weight: 400;\">Den vigtigste opgave er imidlertid at forhindre, at kr\u00e6ften vender tilbage efter endt behandling, og heldigvis har forskningen vist, at mange af de ingredienser, der findes i almindelige f\u00f8devarer og l\u00e6geurter kan v\u00e6re en fantastisk hj\u00e6lp.<\/span><\/p>\n<p><span style=\"font-weight: 400;\">Jeg har gennem en omfattende reseach i denne bog vist, at der i mods\u00e6tning til, hvad kr\u00e6ftpatienterne ofte f\u00e5r at vide, findes masser af veldokumenterede virkemidler i form af kost, livsstil og kosttilskud, som kan v\u00e6re med til at give kr\u00e6ften kamp til stregen.<\/span><\/p>","protected":false},"excerpt":{"rendered":"<p>I Danmark lever mere end 62.000 kvinder med en brystkr\u00e6ftdiagnose. Langt de fleste supplerer l\u00e6gernes behandling med forskellige former for s\u00e5kaldte alternative behandlingemetoder. Dem er der mange af, men de vigtigste h\u00e6nger sammen med det, vi putter i munden og &hellip; <a href=\"https:\/\/xn--nrdiagnosenerbrystkrft-o5b7b.dk\/\">L\u00e6s resten <span class=\"meta-nav\">&rarr;<\/span><\/a><\/p>\n","protected":false},"author":1,"featured_media":0,"parent":0,"menu_order":0,"comment_status":"closed","ping_status":"closed","template":"","meta":{"footnotes":""},"class_list":["post-16","page","type-page","status-publish","hentry"],"_links":{"self":[{"href":"https:\/\/xn--nrdiagnosenerbrystkrft-o5b7b.dk\/index.php\/wp-json\/wp\/v2\/pages\/16","targetHints":{"allow":["GET"]}}],"collection":[{"href":"https:\/\/xn--nrdiagnosenerbrystkrft-o5b7b.dk\/index.php\/wp-json\/wp\/v2\/pages"}],"about":[{"href":"https:\/\/xn--nrdiagnosenerbrystkrft-o5b7b.dk\/index.php\/wp-json\/wp\/v2\/types\/page"}],"author":[{"embeddable":true,"href":"https:\/\/xn--nrdiagnosenerbrystkrft-o5b7b.dk\/index.php\/wp-json\/wp\/v2\/users\/1"}],"replies":[{"embeddable":true,"href":"https:\/\/xn--nrdiagnosenerbrystkrft-o5b7b.dk\/index.php\/wp-json\/wp\/v2\/comments?post=16"}],"version-history":[{"count":7,"href":"https:\/\/xn--nrdiagnosenerbrystkrft-o5b7b.dk\/index.php\/wp-json\/wp\/v2\/pages\/16\/revisions"}],"predecessor-version":[{"id":186,"href":"https:\/\/xn--nrdiagnosenerbrystkrft-o5b7b.dk\/index.php\/wp-json\/wp\/v2\/pages\/16\/revisions\/186"}],"wp:attachment":[{"href":"https:\/\/xn--nrdiagnosenerbrystkrft-o5b7b.dk\/index.php\/wp-json\/wp\/v2\/media?parent=16"}],"curies":[{"name":"wp","href":"https:\/\/api.w.org\/{rel}","templated":true}]}}