{"id":140,"date":"2017-02-12T14:30:14","date_gmt":"2017-02-12T14:30:14","guid":{"rendered":"http:\/\/xn--nrdiagnosenerbrystkrft-o5b7b.dk\/?page_id=140"},"modified":"2022-09-20T16:17:40","modified_gmt":"2022-09-20T15:17:40","slug":"et-banebrydende-studie-af-25-aars-screening-for-brystkraeft","status":"publish","type":"page","link":"https:\/\/xn--nrdiagnosenerbrystkrft-o5b7b.dk\/index.php\/artikler\/et-banebrydende-studie-af-25-aars-screening-for-brystkraeft\/","title":{"rendered":"Et banebrydende studie af 25 \u00e5rs screening for brystkr\u00e6ft"},"content":{"rendered":"<p><strong>\u00a0<\/strong><\/p>\n<p>M\u00e5ske kan en ny unders\u00f8gelse i det mindste give anledning til eftertanke og eventuel revision af de fastl\u00e5ste holdninger om effekten af mammografiscreeninger. Studiet, som er det st\u00f8rste af sin slags, viser i hvert fald, at kritikken ikke er helt fejlplaceret. Studiets form\u00e5l var at unders\u00f8ge mammografiscreeningernes effekt p\u00e5 den langsigtede overlevelse af brystkr\u00e6ft og blev publiceret i det ansete medicinske tidsskrift <em>British Medical Journal <\/em>i februar 2014.<a href=\"http:\/\/n\u00e5rdiagnosenerbrystkr\u00e6ft.dk\/wp-admin\/post-new.php?post_type=page#_edn1\" name=\"_ednref1\">[i]<\/a><\/p>\n<p>Sp\u00f8rgsm\u00e5let var, om der var fordele ved at opdage brystkr\u00e6ft p\u00e5 et meget tidligt stadie, hvor knuderne er for sm\u00e5 til at kunne m\u00e6rkes. Forskerne kunne ikke konkludere, at det var tilf\u00e6ldet. Der kunne ikke konstateres en v\u00e6sentlig forskel i forekomsten af brystkr\u00e6ft og hvor mange, der d\u00f8de af sygdommen. Samtidig risikerer mange kvinder at skulle gennemg\u00e5 un\u00f8dig og aggressiv behandling p\u00e5 grund af tidligere diagnosticering.<\/p>\n<p><strong>Grafen viser d\u00f8dsfald efter 25 \u00e5r p\u00e5 grund af alle \u00e5rsager<\/strong><\/p>\n<p><img loading=\"lazy\" decoding=\"async\" class=\"wp-image-141 alignright\" src=\"http:\/\/xn--nrdiagnosenerbrystkrft-o5b7b.dk\/wp-content\/uploads\/2017\/02\/mammografi-effekt-p\u00e5-d\u00f8delighed-300x181.gif\" alt=\"\" width=\"647\" height=\"390\" \/><\/p>\n<p>Unders\u00f8gelsen sammenlignede forekomst og d\u00f8delighed p\u00e5 grund af brystkr\u00e6ft i en periode p\u00e5 25 \u00e5r for kvinder mellem 40-59 \u00e5r. 89.835 kvinder blev ved lodtr\u00e6kning udvalgt til enten at f\u00e5 \u00e5rlig mammografiscreening i 5 \u00e5r eller fungere som kontrolgruppe uden screening.<\/p>\n<p>I hele perioden fik i alt 3.250 kvinder brystkr\u00e6ft i mammografi-gruppen mod 3.133 i kontrolgruppen. Af disse d\u00f8de 500 i mammografi-gruppen mod 505 i kontrolgruppen.<\/p>\n<p>Som det fremg\u00e5r af grafen, er der stort set ingen forskel p\u00e5 overlevelsen mellem dem, der var blevet mammografiscreenet hvert \u00e5r i 5 \u00e5r og dem, der ikke var blevet screenet. Det betyder med andre ord, at ikke bare har den tidlige diagnose ikke haft nogen m\u00e6rkbar effekt p\u00e5 den langsigtede overlevelse. Man m\u00e5 ogs\u00e5 antage, at selv de 30% af brystkr\u00e6fttilf\u00e6ldene, som diagnosticeres som DCIS (forstadier) er blevet behandlet med i hvert fald operation og sandsynligvis ogs\u00e5 kemo- og str\u00e5leterapi + evt. hormonbehandling efterf\u00f8lgende i 5 eller 10 \u00e5r. En barsk og tilsyneladende un\u00f8dvendig behandling, som ikke ser ud til at have nogen effekt p\u00e5 overlevelsen.<\/p>\n<p><strong>Reference:<br \/>\n<\/strong><a href=\"http:\/\/n\u00e5rdiagnosenerbrystkr\u00e6ft.dk\/wp-admin\/post-new.php?post_type=page#_ednref1\" name=\"_edn1\">[i]<\/a> Twenty five year follow-up for breast cancer incidence and mortality of the Canadian National Breast Screening Study: randomised screening trial<br \/>\nBMJ\u00a02014;\u00a0348\u00a0doi: http:\/\/dx.doi.org\/10.1136\/bmj.g366\u00a0(Published 11 February 2014)<\/p>\n","protected":false},"excerpt":{"rendered":"<p>\u00a0 M\u00e5ske kan en ny unders\u00f8gelse i det mindste give anledning til eftertanke og eventuel revision af de fastl\u00e5ste holdninger om effekten af mammografiscreeninger. Studiet, som er det st\u00f8rste af sin slags, viser i hvert fald, at kritikken ikke er &hellip; <a href=\"https:\/\/xn--nrdiagnosenerbrystkrft-o5b7b.dk\/index.php\/artikler\/et-banebrydende-studie-af-25-aars-screening-for-brystkraeft\/\">L\u00e6s resten <span class=\"meta-nav\">&rarr;<\/span><\/a><\/p>\n","protected":false},"author":1,"featured_media":0,"parent":59,"menu_order":0,"comment_status":"closed","ping_status":"closed","template":"","meta":{"footnotes":""},"class_list":["post-140","page","type-page","status-publish","hentry"],"_links":{"self":[{"href":"https:\/\/xn--nrdiagnosenerbrystkrft-o5b7b.dk\/index.php\/wp-json\/wp\/v2\/pages\/140","targetHints":{"allow":["GET"]}}],"collection":[{"href":"https:\/\/xn--nrdiagnosenerbrystkrft-o5b7b.dk\/index.php\/wp-json\/wp\/v2\/pages"}],"about":[{"href":"https:\/\/xn--nrdiagnosenerbrystkrft-o5b7b.dk\/index.php\/wp-json\/wp\/v2\/types\/page"}],"author":[{"embeddable":true,"href":"https:\/\/xn--nrdiagnosenerbrystkrft-o5b7b.dk\/index.php\/wp-json\/wp\/v2\/users\/1"}],"replies":[{"embeddable":true,"href":"https:\/\/xn--nrdiagnosenerbrystkrft-o5b7b.dk\/index.php\/wp-json\/wp\/v2\/comments?post=140"}],"version-history":[{"count":2,"href":"https:\/\/xn--nrdiagnosenerbrystkrft-o5b7b.dk\/index.php\/wp-json\/wp\/v2\/pages\/140\/revisions"}],"predecessor-version":[{"id":197,"href":"https:\/\/xn--nrdiagnosenerbrystkrft-o5b7b.dk\/index.php\/wp-json\/wp\/v2\/pages\/140\/revisions\/197"}],"up":[{"embeddable":true,"href":"https:\/\/xn--nrdiagnosenerbrystkrft-o5b7b.dk\/index.php\/wp-json\/wp\/v2\/pages\/59"}],"wp:attachment":[{"href":"https:\/\/xn--nrdiagnosenerbrystkrft-o5b7b.dk\/index.php\/wp-json\/wp\/v2\/media?parent=140"}],"curies":[{"name":"wp","href":"https:\/\/api.w.org\/{rel}","templated":true}]}}