{"id":134,"date":"2017-02-12T14:04:18","date_gmt":"2017-02-12T14:04:18","guid":{"rendered":"http:\/\/xn--nrdiagnosenerbrystkrft-o5b7b.dk\/?page_id=134"},"modified":"2017-02-12T14:04:25","modified_gmt":"2017-02-12T14:04:25","slug":"natarbejde-oeger-risikoen-for-brystkraeft","status":"publish","type":"page","link":"https:\/\/xn--nrdiagnosenerbrystkrft-o5b7b.dk\/index.php\/artikler\/natarbejde-oeger-risikoen-for-brystkraeft\/","title":{"rendered":"Natarbejde \u00f8ger risikoen for brystkr\u00e6ft"},"content":{"rendered":"<p>Adskillige studier har overbevisende vist, at kvinder, som arbejder i de s\u00e5kaldte gravskift, har en for\u00f8get risiko for at udvikle brystkr\u00e6ft. Faktisk var det at have natarbejde associeret med en for\u00f8get risiko for brystkr\u00e6ft p\u00e5 60%.<a href=\"http:\/\/n\u00e5rdiagnosenerbrystkr\u00e6ft.dk\/wp-admin\/post-new.php?post_type=page#_ftn1\" name=\"_ftnref1\">[1]<\/a> Risikoen synes at have sammenh\u00e6ng med hvor meget tid, der bruges p\u00e5 jobbet.<\/p>\n<p><img loading=\"lazy\" decoding=\"async\" class=\"alignnone size-medium wp-image-135\" src=\"http:\/\/xn--nrdiagnosenerbrystkrft-o5b7b.dk\/wp-content\/uploads\/2017\/02\/natur-300x225.jpg\" alt=\"\" width=\"300\" height=\"225\" srcset=\"https:\/\/xn--nrdiagnosenerbrystkrft-o5b7b.dk\/wp-content\/uploads\/2017\/02\/natur-300x225.jpg 300w, https:\/\/xn--nrdiagnosenerbrystkrft-o5b7b.dk\/wp-content\/uploads\/2017\/02\/natur-768x576.jpg 768w, https:\/\/xn--nrdiagnosenerbrystkrft-o5b7b.dk\/wp-content\/uploads\/2017\/02\/natur-1024x768.jpg 1024w, https:\/\/xn--nrdiagnosenerbrystkrft-o5b7b.dk\/wp-content\/uploads\/2017\/02\/natur.jpg 2048w\" sizes=\"auto, (max-width: 300px) 100vw, 300px\" \/><\/p>\n<p>I et nyere studie publiceret i <em>Occupational and Environmental Medicine<\/em>,<a href=\"http:\/\/n\u00e5rdiagnosenerbrystkr\u00e6ft.dk\/wp-admin\/post-new.php?post_type=page#_ftn2\" name=\"_ftnref2\">[2]<\/a> fandt danske forskere, at kvinder, som havde natarbejde havde op til 4 gange st\u00f8rre sandsynlighed for at f\u00e5 brystkr\u00e6ft end kvinder, der ikke havde natarbejde.<\/p>\n<p>&nbsp;<\/p>\n<p><strong>Referencer:<br \/>\n<\/strong><a href=\"http:\/\/n\u00e5rdiagnosenerbrystkr\u00e6ft.dk\/wp-admin\/post-new.php?post_type=page#_ftnref1\" name=\"_ftn1\">[1]<\/a> Schernhammar, ES., Laden, F., Speizer, FE. Et al.: Rotating nighht shifts and risk of breast cancer in women participating in the Nurses\u00b4Health Study. J Natll Cancer Inst 2001; 93: 1563-68.<br \/>\nDavis, S., Mirick, DK., Stevens, RG.: Night shift work, light at night and risk of breast cancer. J Natl Cancer Inst 2001; 93: 157-62.<\/p>\n<p><a href=\"http:\/\/n\u00e5rdiagnosenerbrystkr\u00e6ft.dk\/wp-admin\/post-new.php?post_type=page#_ftnref2\" name=\"_ftn2\">[2]<\/a> Working the Night Shift May Boost Breast Cancer Risk. <a href=\"http:\/\/healthland.time.com\/2012\/05\/29\/working-the-night-shift-may-boost-breast-cancer-risk\/\">http:\/\/healthland.time.com\/2012\/05\/29\/working-the-night-shift-may-boost-breast-cancer-risk\/<\/a><\/p>\n","protected":false},"excerpt":{"rendered":"<p>Adskillige studier har overbevisende vist, at kvinder, som arbejder i de s\u00e5kaldte gravskift, har en for\u00f8get risiko for at udvikle brystkr\u00e6ft. Faktisk var det at have natarbejde associeret med en for\u00f8get risiko for brystkr\u00e6ft p\u00e5 60%.[1] Risikoen synes at have &hellip; <a href=\"https:\/\/xn--nrdiagnosenerbrystkrft-o5b7b.dk\/index.php\/artikler\/natarbejde-oeger-risikoen-for-brystkraeft\/\">L\u00e6s resten <span class=\"meta-nav\">&rarr;<\/span><\/a><\/p>\n","protected":false},"author":1,"featured_media":0,"parent":59,"menu_order":0,"comment_status":"closed","ping_status":"closed","template":"","meta":{"footnotes":""},"class_list":["post-134","page","type-page","status-publish","hentry"],"_links":{"self":[{"href":"https:\/\/xn--nrdiagnosenerbrystkrft-o5b7b.dk\/index.php\/wp-json\/wp\/v2\/pages\/134","targetHints":{"allow":["GET"]}}],"collection":[{"href":"https:\/\/xn--nrdiagnosenerbrystkrft-o5b7b.dk\/index.php\/wp-json\/wp\/v2\/pages"}],"about":[{"href":"https:\/\/xn--nrdiagnosenerbrystkrft-o5b7b.dk\/index.php\/wp-json\/wp\/v2\/types\/page"}],"author":[{"embeddable":true,"href":"https:\/\/xn--nrdiagnosenerbrystkrft-o5b7b.dk\/index.php\/wp-json\/wp\/v2\/users\/1"}],"replies":[{"embeddable":true,"href":"https:\/\/xn--nrdiagnosenerbrystkrft-o5b7b.dk\/index.php\/wp-json\/wp\/v2\/comments?post=134"}],"version-history":[{"count":1,"href":"https:\/\/xn--nrdiagnosenerbrystkrft-o5b7b.dk\/index.php\/wp-json\/wp\/v2\/pages\/134\/revisions"}],"predecessor-version":[{"id":136,"href":"https:\/\/xn--nrdiagnosenerbrystkrft-o5b7b.dk\/index.php\/wp-json\/wp\/v2\/pages\/134\/revisions\/136"}],"up":[{"embeddable":true,"href":"https:\/\/xn--nrdiagnosenerbrystkrft-o5b7b.dk\/index.php\/wp-json\/wp\/v2\/pages\/59"}],"wp:attachment":[{"href":"https:\/\/xn--nrdiagnosenerbrystkrft-o5b7b.dk\/index.php\/wp-json\/wp\/v2\/media?parent=134"}],"curies":[{"name":"wp","href":"https:\/\/api.w.org\/{rel}","templated":true}]}}