{"id":126,"date":"2017-02-12T13:03:45","date_gmt":"2017-02-12T13:03:45","guid":{"rendered":"http:\/\/xn--nrdiagnosenerbrystkrft-o5b7b.dk\/?page_id=126"},"modified":"2017-02-12T13:03:51","modified_gmt":"2017-02-12T13:03:51","slug":"kraeftceller-elsker-sukker","status":"publish","type":"page","link":"https:\/\/xn--nrdiagnosenerbrystkrft-o5b7b.dk\/index.php\/artikler\/kraeftceller-elsker-sukker\/","title":{"rendered":"Kr\u00e6ftceller elsker sukker"},"content":{"rendered":"<p>Kulhydrater er vores vigtigste kilde til energi og kalorier. De giver fylde og m\u00e6thed &#8211; og som det vigtigste i dette tilf\u00e6lde \u2013 de udg\u00f8r den st\u00f8rste del af den traditionelle kost, som forbindes med lavere kr\u00e6ftforekomst og l\u00e6ngere levetid.<a href=\"http:\/\/n\u00e5rdiagnosenerbrystkr\u00e6ft.dk\/wp-admin\/post-new.php?post_type=page#_ftn1\" name=\"_ftnref1\">[1]<\/a> Men det er ikke ligegyldigt, hvor de kommer fra.<\/p>\n<p>Ligesom der er godt og d\u00e5rligt fedt, er der d\u00e5rlige og gode kulhydrater. De vigtigste kostm\u00e6ssige syndere er raffinerede kulhydrater.<a href=\"http:\/\/n\u00e5rdiagnosenerbrystkr\u00e6ft.dk\/wp-admin\/post-new.php?post_type=page#_ftn2\" name=\"_ftnref2\">[2]<\/a> Raffinerede kulhydrater som pasta, hvidt br\u00f8d og kager nedbrydes hurtigt til glukose og fungerer som hvidt sukker. Komplekse kulhydrater som fuldkorn, gr\u00f8nsager, b\u00e6lgfrugter oms\u00e6ttes langsommere og er med til at holde blodsukkeret i ro.<\/p>\n<p>Kr\u00e6ftceller har en glubende appetit efter sukker (glukose) og ved at fodre en kr\u00e6ftpatient med en kost rig p\u00e5 sukker, vil man kunne for\u00f8ge kr\u00e6ftens v\u00e6kst og spredning. De konsumerer mellem 10 og 50 gange mere glukose end de omkringliggende normale celler.<a href=\"http:\/\/n\u00e5rdiagnosenerbrystkr\u00e6ft.dk\/wp-admin\/post-new.php?post_type=page#_ftn3\" name=\"_ftnref3\">[3]<\/a><\/p>\n<p><img loading=\"lazy\" decoding=\"async\" class=\"size-medium wp-image-127 alignright\" src=\"http:\/\/xn--nrdiagnosenerbrystkrft-o5b7b.dk\/wp-content\/uploads\/2017\/02\/sukker16-300x300.jpg\" alt=\"\" width=\"300\" height=\"300\" srcset=\"https:\/\/xn--nrdiagnosenerbrystkrft-o5b7b.dk\/wp-content\/uploads\/2017\/02\/sukker16-300x300.jpg 300w, https:\/\/xn--nrdiagnosenerbrystkrft-o5b7b.dk\/wp-content\/uploads\/2017\/02\/sukker16-150x150.jpg 150w, https:\/\/xn--nrdiagnosenerbrystkrft-o5b7b.dk\/wp-content\/uploads\/2017\/02\/sukker16.jpg 334w\" sizes=\"auto, (max-width: 300px) 100vw, 300px\" \/><\/p>\n<p><strong>H\u00f8jt blodsukker, insulin og kr\u00e6ft<br \/>\n<\/strong>Raffineret sukker bliver hurtigt optaget i blodet og for\u00e5rsager en hurtig stigning i blodsukkeret. Som reaktion p\u00e5 det \u00f8ger kroppen sekretionen af insulin fra bugspytkirtlen. Det har vist sig, at for meget insulin kan fremme v\u00e6ksten af kr\u00e6ftceller som bryst,- mave, -tyktarm, -livmoder,- \u00e6ggestok, -lunge og prostatakr\u00e6ft.<a href=\"http:\/\/n\u00e5rdiagnosenerbrystkr\u00e6ft.dk\/wp-admin\/post-new.php?post_type=page#_ftn4\" name=\"_ftnref4\">[4]<\/a><\/p>\n<p><strong>Brystkr\u00e6ft<br \/>\n<\/strong>H\u00f8je niveauer af insulin kan desuden v\u00e6re den bedste indikator til at forudsige, om en kvindes brystkr\u00e6ft vender tilbage efter behandling, da h\u00f8je niveauer af insulin for\u00f8ger risikoen for tilbagefald og d\u00f8d mindst 8 gange Og nu har vi en cirkelvirkning: insulin er ikke kun en st\u00e6rk stimulator i forhold til tumorv\u00e6kst, men den \u00f8ger ogs\u00e5 kr\u00e6ftcellens appetit for glukose \u2013 og skaber p\u00e5 denne m\u00e5de en ondskabsfuld cyklus af sukkergilde og v\u00e6kststimulation.<\/p>\n<p>Det er oven i k\u00f8bet s\u00e5dan, at jo hurtigere en celle deler sig, jo mere glukose konsumerer den. Eksperimenter har vist, at n\u00e5r laboratoriedyr bliver injiceret med en aggressiv kr\u00e6ft, lever de meget l\u00e6ngere, hvis de har et lavt eller normalt blodsukkerniveau, end hvis de har et h\u00f8jt. Glukose s\u00e6tter simpelthen kr\u00e6ften i stand til at vokse hurtigere, forklarer kr\u00e6ftl\u00e6gen Keith Block om sammenh\u00e6ngen.<a href=\"http:\/\/n\u00e5rdiagnosenerbrystkr\u00e6ft.dk\/wp-admin\/post-new.php?post_type=page#_ftn5\" name=\"_ftnref5\">[5]<\/a><\/p>\n<p>Det ser ogs\u00e5 ud til at g\u00e6lde for mennesker. Et studie offentliggjort i 2002 viste, at de kvinder, som var i bedring efter deres brystkr\u00e6ft, men som havde h\u00f8je insulinniveauer, var dobbelt s\u00e5 tilb\u00f8jelige til at f\u00e5 tilbagefald af sygdommen og tre gange s\u00e5 tilb\u00f8jelige til at udvikle metastaser som kvinder med lavere glukoseniveauer.<a href=\"http:\/\/n\u00e5rdiagnosenerbrystkr\u00e6ft.dk\/wp-admin\/post-new.php?post_type=page#_ftn6\" name=\"_ftnref6\">[6]<\/a><strong>\u00a0<\/strong><\/p>\n<p>Ogs\u00e5 et svensk studie publiceret i <em>Journal Diabetes Care<\/em><a href=\"http:\/\/n\u00e5rdiagnosenerbrystkr\u00e6ft.dk\/wp-admin\/post-new.php?post_type=page#_ftn7\" name=\"_ftnref7\">[7]<\/a> bekr\u00e6fter, at forh\u00f8jet blodsukker kan for\u00f8ge kvinders risiko for kr\u00e6ft i bugspytkirtel, urinveje, livmoder og bryst.<\/p>\n<p>Sammenh\u00e6ngen mellem en kost rig p\u00e5 junk food og h\u00f8je niveauer af blodsukker er solidt funderet, og det samme g\u00e6lder for det faktum, at forh\u00f8jet blodsukker kan medf\u00f8re type 2 diabetes. Type 2 diabetes opst\u00e5r, n\u00e5r kroppen bliver mindre f\u00f8lsom overfor det sukkerregulerende hormon insulin, og det har vist sig at medf\u00f8re for\u00f8get risiko for kr\u00e6ft. Det svenske studie viste imidlertid en sammenh\u00e6ng mellem blodsukkerniveauerne og kr\u00e6ftrisiko uafh\u00e6ngig af diabetes.<\/p>\n<p>Forskerne studerede n\u00e6sten 65.000 voksne mellem 40 og 60 \u00e5r i 13 \u00e5r. De fandt, at 25% af de kvinder, der havde h\u00f8jest blodsukkerniveau, havde en 26% st\u00f8rre risiko for at udvikle kr\u00e6ft end de 25%, der havde de laveste blodsukkerniveauer. Risikoen for brystkr\u00e6ft blev kun for\u00f8get blandt kvinder f\u00f8r overgangsalderen.<\/p>\n<p>Dr. Greg Martin, som er forskningsdirekt\u00f8r for den engelske gren af <em>World Cancer Research Fund<\/em> \u2013 som havde financieret unders\u00f8gelsen \u2013 p\u00e5pegede, at det er nemt at reducere blodsukkerniveauerne med en sund kost rig p\u00e5 frugt og gr\u00f8nt og ved at holde normalv\u00e6gten. \u201dVi ved, at op mod 40% af kr\u00e6fttilf\u00e6ldene kan forebygges med denne type sund livsstil, s\u00e5 det er bare endnu en grund til at lave sm\u00e5 \u00e6ndringer, som kan g\u00f8re en stor forskel\u201d, siger han.<\/p>\n<p>Der er ingen grund til at antage, at dette ikke ogs\u00e5 g\u00e6lder for en eksisterende kr\u00e6ft.<\/p>\n<p>&nbsp;<\/p>\n<p><strong>Referencer:<br \/>\n<\/strong><a href=\"http:\/\/n\u00e5rdiagnosenerbrystkr\u00e6ft.dk\/wp-admin\/post-new.php?post_type=page#_ftnref1\" name=\"_ftn1\">[1]<\/a> <a href=\"http:\/\/www.ncbi.nlm.nih.gov\/pubmed\/9951535?ordinalpos=3&amp;itool=EntrezSystem2.PEntrez.Pubmed.Pubmed_ResultsPanel.Pubmed_RVDocSum\">Wyatt CJ.<\/a> Evaluation of the composition of the regional diet in Sonora, M\u00e9xico: incidence of colon cancer. Arch Latinoam Nutr. 1998 Sep;48(3):225-30.<\/p>\n<p><a href=\"http:\/\/n\u00e5rdiagnosenerbrystkr\u00e6ft.dk\/wp-admin\/post-new.php?post_type=page#_ftnref2\" name=\"_ftn2\">[2]<\/a> Jenkins DJ.\u00a0 Josse RG.\u00a0 Jenkins AL. Wolever TM.\u00a0 Vuksan V. Implications of altering the rate of carbohydrate absorption from the gastrointestinal tract.\u00a0 Clinical &amp; Investigative Medicine &#8211; Medecine Clinique et Experimentale. 1995;18(4):296-302.<\/p>\n<p><a href=\"http:\/\/n\u00e5rdiagnosenerbrystkr\u00e6ft.dk\/wp-admin\/post-new.php?post_type=page#_ftnref3\" name=\"_ftn3\">[3]<\/a> Warburg O. The metabolism of tumors. London: Costable, 1930<br \/>\nWarburg O. On the origin of cancer cells. Science 1956; 123: 309\u201314.<br \/>\nKrebs Jr., ET Krebs, Sr., ET Beard HH. The unitarian or trophoblastic thesis of cancer. Medical Record 1950; 163: 150\u201371. <a href=\"http:\/\/www.lifeovercancer.com\/\">http:\/\/www.lifeovercancer.com\/<\/a><\/p>\n<p><a href=\"http:\/\/n\u00e5rdiagnosenerbrystkr\u00e6ft.dk\/wp-admin\/post-new.php?post_type=page#_ftnref4\" name=\"_ftn4\">[4]<\/a> Argiles JM., Lopez-Soriano F.J.: Insulin and cancer (rewiev).Oncol 2001; 18: 683-87. Her i Michael Murray et al. 2002<\/p>\n<p><a href=\"http:\/\/n\u00e5rdiagnosenerbrystkr\u00e6ft.dk\/wp-admin\/post-new.php?post_type=page#_ftnref5\" name=\"_ftn5\">[5]<\/a> Santisteban GA. Ely JT. Hamel EE. Read DH. Kozawa SM. Glycemic modulation of tumor tolerance in a mouse model of breast cancer. Biochemical &amp; Biophysical Research Communications. 132(3):1174-9, 1985. Komninou D, Ayonote A, Richie JP Jr, Rigas B. Insulin resistance and its contribution to colon carcinogenesis. Exp Biol Med (Maywood). 2003; 228(4):396-405<br \/>\nStrauss LG, Conti PS. The application of PET in clinical oncology. J Nucl Med 1991; 32: 623-48<br \/>\nTorizuka T, Tamaki N, Inokuma T, et al. In vivo assessment of glucose metabolism in hepatocellular carcinoma with FDG-PET. J Nucl Med 1995; 36: 1811-7.<br \/>\nAvril N. Menzel M. Dose J. Schelling M. Weber W. Janicke F. Nathrath W. Schwaiger M. Glucose metabolism of breast cancer assessed by 18F-FDG PET: histologic and immunohistochemical tissue analysis.\u00a0 J Nuclear Medicine. 42(1):9-16, 2000<\/p>\n<p><a href=\"http:\/\/n\u00e5rdiagnosenerbrystkr\u00e6ft.dk\/wp-admin\/post-new.php?post_type=page#_ftnref6\" name=\"_ftn6\">[6]<\/a> <a href=\"http:\/\/www.ncbi.nlm.nih.gov\/entrez\/query.fcgi?db=pubmed&amp;cmd=Search&amp;itool=pubmed_Abstract&amp;term=%22Goodwin+PJ%22%5BAuthor%5D\">Goodwin PJ<\/a>, <a href=\"http:\/\/www.ncbi.nlm.nih.gov\/entrez\/query.fcgi?db=pubmed&amp;cmd=Search&amp;itool=pubmed_Abstract&amp;term=%22Ennis+M%22%5BAuthor%5D\">Ennis M<\/a>, <a href=\"http:\/\/www.ncbi.nlm.nih.gov\/entrez\/query.fcgi?db=pubmed&amp;cmd=Search&amp;itool=pubmed_Abstract&amp;term=%22Pritchard+KI%22%5BAuthor%5D\">Pritchard KI<\/a>, <a href=\"http:\/\/www.ncbi.nlm.nih.gov\/entrez\/query.fcgi?db=pubmed&amp;cmd=Search&amp;itool=pubmed_Abstract&amp;term=%22Trudeau+ME%22%5BAuthor%5D\">Trudeau ME<\/a>, <a href=\"http:\/\/www.ncbi.nlm.nih.gov\/entrez\/query.fcgi?db=pubmed&amp;cmd=Search&amp;itool=pubmed_Abstract&amp;term=%22Koo+J%22%5BAuthor%5D\">Koo J<\/a>, <a href=\"http:\/\/www.ncbi.nlm.nih.gov\/entrez\/query.fcgi?db=pubmed&amp;cmd=Search&amp;itool=pubmed_Abstract&amp;term=%22Madarnas+Y%22%5BAuthor%5D\">Madarnas Y<\/a>, <a href=\"http:\/\/www.ncbi.nlm.nih.gov\/entrez\/query.fcgi?db=pubmed&amp;cmd=Search&amp;itool=pubmed_Abstract&amp;term=%22Hartwick+W%22%5BAuthor%5D\">Hartwick W<\/a>, <a href=\"http:\/\/www.ncbi.nlm.nih.gov\/entrez\/query.fcgi?db=pubmed&amp;cmd=Search&amp;itool=pubmed_Abstract&amp;term=%22Hoffman+B%22%5BAuthor%5D\">Hoffman B<\/a>, <a href=\"http:\/\/www.ncbi.nlm.nih.gov\/entrez\/query.fcgi?db=pubmed&amp;cmd=Search&amp;itool=pubmed_Abstract&amp;term=%22Hood+N%22%5BAuthor%5D\">Hood N<\/a>. Fasting insulin and outcome in early-stage breast cancer: results of a prospective cohort study. J Clin Oncol. 2002 Jan 1;20(1):42-51.<\/p>\n<p><a href=\"http:\/\/n\u00e5rdiagnosenerbrystkr\u00e6ft.dk\/wp-admin\/post-new.php?post_type=page#_ftnref7\" name=\"_ftn7\">[7]<\/a> David Gutierrez: Eating a diet of processed Foods Proven to Raise Cancer Risk in Women. Organic Consumers Association 9. nov 2007<\/p>\n","protected":false},"excerpt":{"rendered":"<p>Kulhydrater er vores vigtigste kilde til energi og kalorier. De giver fylde og m\u00e6thed &#8211; og som det vigtigste i dette tilf\u00e6lde \u2013 de udg\u00f8r den st\u00f8rste del af den traditionelle kost, som forbindes med lavere kr\u00e6ftforekomst og l\u00e6ngere levetid.[1] &hellip; <a href=\"https:\/\/xn--nrdiagnosenerbrystkrft-o5b7b.dk\/index.php\/artikler\/kraeftceller-elsker-sukker\/\">L\u00e6s resten <span class=\"meta-nav\">&rarr;<\/span><\/a><\/p>\n","protected":false},"author":1,"featured_media":0,"parent":59,"menu_order":0,"comment_status":"closed","ping_status":"closed","template":"","meta":{"footnotes":""},"class_list":["post-126","page","type-page","status-publish","hentry"],"_links":{"self":[{"href":"https:\/\/xn--nrdiagnosenerbrystkrft-o5b7b.dk\/index.php\/wp-json\/wp\/v2\/pages\/126","targetHints":{"allow":["GET"]}}],"collection":[{"href":"https:\/\/xn--nrdiagnosenerbrystkrft-o5b7b.dk\/index.php\/wp-json\/wp\/v2\/pages"}],"about":[{"href":"https:\/\/xn--nrdiagnosenerbrystkrft-o5b7b.dk\/index.php\/wp-json\/wp\/v2\/types\/page"}],"author":[{"embeddable":true,"href":"https:\/\/xn--nrdiagnosenerbrystkrft-o5b7b.dk\/index.php\/wp-json\/wp\/v2\/users\/1"}],"replies":[{"embeddable":true,"href":"https:\/\/xn--nrdiagnosenerbrystkrft-o5b7b.dk\/index.php\/wp-json\/wp\/v2\/comments?post=126"}],"version-history":[{"count":1,"href":"https:\/\/xn--nrdiagnosenerbrystkrft-o5b7b.dk\/index.php\/wp-json\/wp\/v2\/pages\/126\/revisions"}],"predecessor-version":[{"id":128,"href":"https:\/\/xn--nrdiagnosenerbrystkrft-o5b7b.dk\/index.php\/wp-json\/wp\/v2\/pages\/126\/revisions\/128"}],"up":[{"embeddable":true,"href":"https:\/\/xn--nrdiagnosenerbrystkrft-o5b7b.dk\/index.php\/wp-json\/wp\/v2\/pages\/59"}],"wp:attachment":[{"href":"https:\/\/xn--nrdiagnosenerbrystkrft-o5b7b.dk\/index.php\/wp-json\/wp\/v2\/media?parent=126"}],"curies":[{"name":"wp","href":"https:\/\/api.w.org\/{rel}","templated":true}]}}