{"id":123,"date":"2017-02-12T12:44:32","date_gmt":"2017-02-12T12:44:32","guid":{"rendered":"http:\/\/xn--nrdiagnosenerbrystkrft-o5b7b.dk\/?page_id=123"},"modified":"2017-02-12T12:44:39","modified_gmt":"2017-02-12T12:44:39","slug":"ingefaer-reducerer-kvalme-hos-kraeftpatienter-under-behandling","status":"publish","type":"page","link":"https:\/\/xn--nrdiagnosenerbrystkrft-o5b7b.dk\/index.php\/artikler\/ingefaer-reducerer-kvalme-hos-kraeftpatienter-under-behandling\/","title":{"rendered":"Ingef\u00e6r reducerer kvalme hos kr\u00e6ftpatienter under behandling"},"content":{"rendered":"<p>Kr\u00e6ftpatienter opfatter kvalme og opkastninger som nogle af de mest generende bivirkninger, n\u00e5r de f\u00e5r kemobehandling.<a href=\"http:\/\/n\u00e5rdiagnosenerbrystkr\u00e6ft.dk\/wp-admin\/post-new.php?post_type=page#_ftn1\" name=\"_ftnref1\">[1]<\/a> Behandles opkastningerne ikke, kan det medf\u00f8re dehydrering, stofskifteproblemer, vitaminmangel og i v\u00e6rste fald skader i spiser\u00f8ret. Det er sv\u00e6rt at f\u00e5 en hverdag til at fungere og giver d\u00e5rligere livskvalitet.<\/p>\n<p>If\u00f8lge en artikel i European Oncology fra 2010<a href=\"http:\/\/n\u00e5rdiagnosenerbrystkr\u00e6ft.dk\/wp-admin\/post-new.php?post_type=page#_ftn2\" name=\"_ftnref2\">[2]<\/a> rapporterer op til 70% af de voksne patienter og 58% af de b\u00f8rn og unge, der f\u00e5r visse typer kemoterapi om kvalme p\u00e5 trods af udbredt brug af kvalmestillende medicin p\u00e5 sygehusene.<a href=\"http:\/\/n\u00e5rdiagnosenerbrystkr\u00e6ft.dk\/wp-admin\/post-new.php?post_type=page#_ftn3\" name=\"_ftnref3\">[3]<\/a><\/p>\n<p>Forskerne inddeler kvalme som f\u00f8lge af kemoterapi i tre typer: forventningskvalme, akut og forsinket kvalme. Den f\u00f8rst type kommer f\u00f8r behandlingen starter, fordi kr\u00e6ftpatienterne har en formodning om, at de vil f\u00e5 kvalme af behandlingen. Forventningskvalme er indrapporteret fra 20% af patienterne ved hver serie af kemo og fra 25-30% fra 4. serie af kemobehandlingen.<a href=\"http:\/\/n\u00e5rdiagnosenerbrystkr\u00e6ft.dk\/wp-admin\/post-new.php?post_type=page#_ftn4\" name=\"_ftnref4\">[4]<\/a><\/p>\n<p><img loading=\"lazy\" decoding=\"async\" class=\"size-medium wp-image-124 alignright\" src=\"http:\/\/xn--nrdiagnosenerbrystkrft-o5b7b.dk\/wp-content\/uploads\/2017\/02\/ingef\u00e6rdrik-300x200.jpg\" alt=\"\" width=\"300\" height=\"200\" srcset=\"https:\/\/xn--nrdiagnosenerbrystkrft-o5b7b.dk\/wp-content\/uploads\/2017\/02\/ingef\u00e6rdrik-300x200.jpg 300w, https:\/\/xn--nrdiagnosenerbrystkrft-o5b7b.dk\/wp-content\/uploads\/2017\/02\/ingef\u00e6rdrik.jpg 600w\" sizes=\"auto, (max-width: 300px) 100vw, 300px\" \/><\/p>\n<p><strong>Ingef\u00e6r kan hj\u00e6lpe<br \/>\n<\/strong>Et stort studie fra University of Rochester blev pr\u00e6senteret p\u00e5 en konference i American Society of Clinical Oncology. Studiet omfattede 644 kr\u00e6ftpatienter, som fik kemobehandling fortrinsvis for brystkr\u00e6ft, kr\u00e6ft i ford\u00f8jelseskanalen og lungekr\u00e6ft.<\/p>\n<p>Derudover fik de enten placebo eller kapsler med henholdsvis 0,5 gram, 1 gram eller 1,5 gram ingef\u00e6r. Alle doser af ingef\u00e6r var signifikant bedre end placebo. De mest effektive doser var 0,5 gram og 1 gram dagligt.<a href=\"http:\/\/n\u00e5rdiagnosenerbrystkr\u00e6ft.dk\/wp-admin\/post-new.php?post_type=page#_ftn5\" name=\"_ftnref5\">[5]<\/a><\/p>\n<p><strong>Referencer:<br \/>\n<\/strong><a href=\"http:\/\/n\u00e5rdiagnosenerbrystkr\u00e6ft.dk\/wp-admin\/post-new.php?post_type=page#_ftnref1\" name=\"_ftn1\">[1]<\/a> Bliss JM, Robertson B, Selby P, Br J Cancer, 1992;66 (Suppl. 19):814\u201323.<br \/>\nSchwartzberg LS, J Support Oncol, 2007;5(2 Suppl.):5\u201312<\/p>\n<p><a href=\"http:\/\/n\u00e5rdiagnosenerbrystkr\u00e6ft.dk\/wp-admin\/post-new.php?post_type=page#_ftnref2\" name=\"_ftn2\">[2]<\/a> <em>European Oncology<\/em>, 2010;6(2):14-6<\/p>\n<p><a href=\"http:\/\/n\u00e5rdiagnosenerbrystkr\u00e6ft.dk\/wp-admin\/post-new.php?post_type=page#_ftnref3\" name=\"_ftn3\">[3]<\/a> Hickok JT, Roscoe JA, Morrow GR, et al., Cancer, 1999;86(1):64\u201371.<br \/>\nHoldsworth MT, Raisch DW, Frost J, Cancer, 2006;106(4): 931\u201340.<\/p>\n<p><a href=\"http:\/\/n\u00e5rdiagnosenerbrystkr\u00e6ft.dk\/wp-admin\/post-new.php?post_type=page#_ftnref4\" name=\"_ftn4\">[4]<\/a> Morrow GR, Hickok JT, Rosenthal SN, Cancer, 1995;76(3):343\u201357.<br \/>\nJacobsen PB, Bovbjerg DH, Redd WH, Health Psychol, 1993;12(6):469\u201375.<br \/>\nMorrow GR, Roscoe JA. In: Dicato M (ed.), Medical Management of Cancer Treatment Induced Emesis, London: Martin Dunitz; 1997:149\u201366.<\/p>\n<p><a href=\"http:\/\/n\u00e5rdiagnosenerbrystkr\u00e6ft.dk\/wp-admin\/post-new.php?post_type=page#_ftnref5\" name=\"_ftn5\">[5]<\/a> Ryan JL et al. Ginger for chemotherapy-related nausea in cancer patients: a URCC CCOP randomized, double-blind placebo-controlled clinical trial of 644 cancer patients. Presented at: American Society of Clinical Oncology Annual Meeting, May 30, 2009. J Clin Oncol. 27:15s, 2009 (suppl; Abstr 9511)<br \/>\n<a href=\"http:\/\/www.lifeovercancer.com\/Test86\/pdf\/Ginger%20relieves%20chemo-related%20nausea.pdf\">http:\/\/www.lifeovercancer.com\/Test86\/pdf\/Ginger%20relieves%20chemo-related%20nausea.pdf<\/a><\/p>\n<p>&nbsp;<\/p>\n","protected":false},"excerpt":{"rendered":"<p>Kr\u00e6ftpatienter opfatter kvalme og opkastninger som nogle af de mest generende bivirkninger, n\u00e5r de f\u00e5r kemobehandling.[1] Behandles opkastningerne ikke, kan det medf\u00f8re dehydrering, stofskifteproblemer, vitaminmangel og i v\u00e6rste fald skader i spiser\u00f8ret. Det er sv\u00e6rt at f\u00e5 en hverdag til &hellip; <a href=\"https:\/\/xn--nrdiagnosenerbrystkrft-o5b7b.dk\/index.php\/artikler\/ingefaer-reducerer-kvalme-hos-kraeftpatienter-under-behandling\/\">L\u00e6s resten <span class=\"meta-nav\">&rarr;<\/span><\/a><\/p>\n","protected":false},"author":1,"featured_media":0,"parent":59,"menu_order":0,"comment_status":"closed","ping_status":"closed","template":"","meta":{"footnotes":""},"class_list":["post-123","page","type-page","status-publish","hentry"],"_links":{"self":[{"href":"https:\/\/xn--nrdiagnosenerbrystkrft-o5b7b.dk\/index.php\/wp-json\/wp\/v2\/pages\/123","targetHints":{"allow":["GET"]}}],"collection":[{"href":"https:\/\/xn--nrdiagnosenerbrystkrft-o5b7b.dk\/index.php\/wp-json\/wp\/v2\/pages"}],"about":[{"href":"https:\/\/xn--nrdiagnosenerbrystkrft-o5b7b.dk\/index.php\/wp-json\/wp\/v2\/types\/page"}],"author":[{"embeddable":true,"href":"https:\/\/xn--nrdiagnosenerbrystkrft-o5b7b.dk\/index.php\/wp-json\/wp\/v2\/users\/1"}],"replies":[{"embeddable":true,"href":"https:\/\/xn--nrdiagnosenerbrystkrft-o5b7b.dk\/index.php\/wp-json\/wp\/v2\/comments?post=123"}],"version-history":[{"count":1,"href":"https:\/\/xn--nrdiagnosenerbrystkrft-o5b7b.dk\/index.php\/wp-json\/wp\/v2\/pages\/123\/revisions"}],"predecessor-version":[{"id":125,"href":"https:\/\/xn--nrdiagnosenerbrystkrft-o5b7b.dk\/index.php\/wp-json\/wp\/v2\/pages\/123\/revisions\/125"}],"up":[{"embeddable":true,"href":"https:\/\/xn--nrdiagnosenerbrystkrft-o5b7b.dk\/index.php\/wp-json\/wp\/v2\/pages\/59"}],"wp:attachment":[{"href":"https:\/\/xn--nrdiagnosenerbrystkrft-o5b7b.dk\/index.php\/wp-json\/wp\/v2\/media?parent=123"}],"curies":[{"name":"wp","href":"https:\/\/api.w.org\/{rel}","templated":true}]}}