{"id":120,"date":"2017-02-12T12:35:48","date_gmt":"2017-02-12T12:35:48","guid":{"rendered":"http:\/\/xn--nrdiagnosenerbrystkrft-o5b7b.dk\/?page_id=120"},"modified":"2017-02-12T12:35:54","modified_gmt":"2017-02-12T12:35:54","slug":"hoerfroe-kan-haemme-udviklingen-af-brystkraeft","status":"publish","type":"page","link":"https:\/\/xn--nrdiagnosenerbrystkrft-o5b7b.dk\/index.php\/artikler\/hoerfroe-kan-haemme-udviklingen-af-brystkraeft\/","title":{"rendered":"H\u00f8rfr\u00f8 kan h\u00e6mme udviklingen af brystkr\u00e6ft"},"content":{"rendered":"<p>Forskere ved University of Toronto rapporterede, at lignaner fra h\u00f8rfr\u00f8 kan neds\u00e6tte v\u00e6ksten af brystkr\u00e6ft hos kvinder.<\/p>\n<p><img loading=\"lazy\" decoding=\"async\" class=\"size-medium wp-image-121 alignright\" src=\"http:\/\/xn--nrdiagnosenerbrystkrft-o5b7b.dk\/wp-content\/uploads\/2017\/02\/H\u00f8rfr\u00f8-300x200.jpg\" alt=\"\" width=\"300\" height=\"200\" srcset=\"https:\/\/xn--nrdiagnosenerbrystkrft-o5b7b.dk\/wp-content\/uploads\/2017\/02\/H\u00f8rfr\u00f8-300x200.jpg 300w, https:\/\/xn--nrdiagnosenerbrystkrft-o5b7b.dk\/wp-content\/uploads\/2017\/02\/H\u00f8rfr\u00f8.jpg 410w\" sizes=\"auto, (max-width: 300px) 100vw, 300px\" \/><\/p>\n<p>32 kvinder, som ventede p\u00e5 operation for brystkr\u00e6ft blev randomiseret til at f\u00e5 en muffin, som indeholdt 25 gram h\u00f8rfr\u00f8 eller en muffin, der ikke indeholdt h\u00f8rfr\u00f8 (kontrolgruppen). Analyser af kr\u00e6ftv\u00e6vet efter operationen afsl\u00f8rede, at mark\u00f8rerne for tumorv\u00e6kst blev reduceret med 30-71% i h\u00f8rfr\u00f8-gruppen, mens kontrolgruppen ikke oplevede nogen reduktion i mark\u00f8rerne for tumorv\u00e6kst.<\/p>\n<p>Forskerne konkluderede, at \u201dh\u00f8rfr\u00f8 har potentiale til at reducere tumorv\u00e6kst hos patienter med brystkr\u00e6ft\u201d.<a href=\"http:\/\/n\u00e5rdiagnosenerbrystkr\u00e6ft.dk\/wp-admin\/post-new.php?post_type=page#_ftn1\" name=\"_ftnref1\">[1]<\/a><\/p>\n<p><strong>Reference:<br \/>\n<\/strong><a href=\"http:\/\/n\u00e5rdiagnosenerbrystkr\u00e6ft.dk\/wp-admin\/post-new.php?post_type=page#_ftnref1\" name=\"_ftn1\">[1]<\/a> Thompson LU, Chen JM, Li T, Strasser-Weippl K, Goss PE. Dietary flaxseed alters tumor biological markers in postmenopausal breast cancer. <em>Clin Cancer Res.<\/em> 2005 May 15;11(10):3828-35.<\/p>\n","protected":false},"excerpt":{"rendered":"<p>Forskere ved University of Toronto rapporterede, at lignaner fra h\u00f8rfr\u00f8 kan neds\u00e6tte v\u00e6ksten af brystkr\u00e6ft hos kvinder. 32 kvinder, som ventede p\u00e5 operation for brystkr\u00e6ft blev randomiseret til at f\u00e5 en muffin, som indeholdt 25 gram h\u00f8rfr\u00f8 eller en muffin, &hellip; <a href=\"https:\/\/xn--nrdiagnosenerbrystkrft-o5b7b.dk\/index.php\/artikler\/hoerfroe-kan-haemme-udviklingen-af-brystkraeft\/\">L\u00e6s resten <span class=\"meta-nav\">&rarr;<\/span><\/a><\/p>\n","protected":false},"author":1,"featured_media":0,"parent":59,"menu_order":0,"comment_status":"closed","ping_status":"closed","template":"","meta":{"footnotes":""},"class_list":["post-120","page","type-page","status-publish","hentry"],"_links":{"self":[{"href":"https:\/\/xn--nrdiagnosenerbrystkrft-o5b7b.dk\/index.php\/wp-json\/wp\/v2\/pages\/120","targetHints":{"allow":["GET"]}}],"collection":[{"href":"https:\/\/xn--nrdiagnosenerbrystkrft-o5b7b.dk\/index.php\/wp-json\/wp\/v2\/pages"}],"about":[{"href":"https:\/\/xn--nrdiagnosenerbrystkrft-o5b7b.dk\/index.php\/wp-json\/wp\/v2\/types\/page"}],"author":[{"embeddable":true,"href":"https:\/\/xn--nrdiagnosenerbrystkrft-o5b7b.dk\/index.php\/wp-json\/wp\/v2\/users\/1"}],"replies":[{"embeddable":true,"href":"https:\/\/xn--nrdiagnosenerbrystkrft-o5b7b.dk\/index.php\/wp-json\/wp\/v2\/comments?post=120"}],"version-history":[{"count":1,"href":"https:\/\/xn--nrdiagnosenerbrystkrft-o5b7b.dk\/index.php\/wp-json\/wp\/v2\/pages\/120\/revisions"}],"predecessor-version":[{"id":122,"href":"https:\/\/xn--nrdiagnosenerbrystkrft-o5b7b.dk\/index.php\/wp-json\/wp\/v2\/pages\/120\/revisions\/122"}],"up":[{"embeddable":true,"href":"https:\/\/xn--nrdiagnosenerbrystkrft-o5b7b.dk\/index.php\/wp-json\/wp\/v2\/pages\/59"}],"wp:attachment":[{"href":"https:\/\/xn--nrdiagnosenerbrystkrft-o5b7b.dk\/index.php\/wp-json\/wp\/v2\/media?parent=120"}],"curies":[{"name":"wp","href":"https:\/\/api.w.org\/{rel}","templated":true}]}}