{"id":117,"date":"2017-02-12T12:31:44","date_gmt":"2017-02-12T12:31:44","guid":{"rendered":"http:\/\/xn--nrdiagnosenerbrystkrft-o5b7b.dk\/?page_id=117"},"modified":"2017-02-12T12:32:23","modified_gmt":"2017-02-12T12:32:23","slug":"granataebler-er-en-naturlig-aromatase-haemmer","status":"publish","type":"page","link":"https:\/\/xn--nrdiagnosenerbrystkrft-o5b7b.dk\/index.php\/artikler\/granataebler-er-en-naturlig-aromatase-haemmer\/","title":{"rendered":"Granat\u00e6bler er en naturlig aromatase-h\u00e6mmer"},"content":{"rendered":"<p>Granat\u00e6bler er traditionelt blevet anset for at v\u00e6re et symbol p\u00e5 fremgang og fertilitet i mange kulturer. I dag kommer der hele tiden ny forskning, som bekr\u00e6fter frugtens sundhedsfremmende egenskaber.<\/p>\n<p>I 2011 registrerede det amerikanske National Institute of Health 32 kliniske fors\u00f8g, som havde evalueret granat\u00e6blers effekt p\u00e5 en r\u00e6kke sygdomme fra kr\u00e6ft og diabetes til fork\u00f8lelse og hjerneskader hos b\u00f8rn.<\/p>\n<p>Granat\u00e6bler har et h\u00f8jt indhold af antioxidanter, som i mange studier har vist sig at forebygge kr\u00e6ft. En gruppe stoffer, som kaldes ellagitanniner viste sig i et nyere studie at v\u00e6re ansvarlige for granat\u00e6blers evne til at h\u00e6mme kr\u00e6ftcelledeling.<\/p>\n<p><img loading=\"lazy\" decoding=\"async\" class=\"size-medium wp-image-118 alignright\" src=\"http:\/\/xn--nrdiagnosenerbrystkrft-o5b7b.dk\/wp-content\/uploads\/2017\/02\/granat\u00e6blekerner-300x169.jpg\" alt=\"\" width=\"300\" height=\"169\" srcset=\"https:\/\/xn--nrdiagnosenerbrystkrft-o5b7b.dk\/wp-content\/uploads\/2017\/02\/granat\u00e6blekerner-300x169.jpg 300w, https:\/\/xn--nrdiagnosenerbrystkrft-o5b7b.dk\/wp-content\/uploads\/2017\/02\/granat\u00e6blekerner.jpg 600w\" sizes=\"auto, (max-width: 300px) 100vw, 300px\" \/><\/p>\n<p>Et forskerhold fra Californien, unders\u00f8gte som led i <em>the Breast Cancer Research Program at City of Hope, <\/em>hvorvidt plantestoffer i granat\u00e6bler kunne undertrykke aromatase, som er et enzym, som omdanner mandlige k\u00f8nshormoner til \u00f8strogen. Aromatase spiller derfor en n\u00f8glerolle i forhold til \u00f8strogen-f\u00f8lsom brystkr\u00e6ft og h\u00e6mning af dette enzym er en vigtig del af behandlingen af den type brystkr\u00e6ft.<\/p>\n<p>Forskerne evaluerede 10 forskellige stoffer i granat\u00e6bler og fandt, at disse stoffer var i stand til at forebygge \u00f8strogen-f\u00f8lsom brystkr\u00e6ft. Et af dem \u2013 urolithin B, som dannes ud fra bl.a. ellagsyre viste sig at h\u00e6mme b\u00e5de \u00f8strogen og cellev\u00e6ksten signifikant og reducere spredning.<\/p>\n<p>Lederen af forskningsprogrammet Shiuan Chen var meget overrasket over fundene: \u201dVi har tidligere fundet, at andre frugter som f.eks. vindruer er i stand til at h\u00e6mme aromatase, men plantestofferne i granat\u00e6bler og vindruer er forskellige\u201d<\/p>\n<p>\u00d8strogen-f\u00f8lsom brystkr\u00e6ft udg\u00f8r 70-75% af alle brystkr\u00e6ft tilf\u00e6lde og behandles konventionelt med aromatase-h\u00e6mmere, hvis almindelige bivirkninger omfatter hjerteproblemer, knogletab og ledsmerter. Selvom granat\u00e6bler m\u00e5ske ikke kan erstatte konventionelle l\u00e6gemidler til form\u00e5let, er der alligevel grund til at have opm\u00e6rksomheden vendt mod enhver naturlig form for aromatase-h\u00e6mmer.<\/p>\n<p><strong>\u00a0<\/strong><\/p>\n<p><strong>Referencer:<br \/>\n<\/strong>Cancer Prevention Research jan 2010<br \/>\n<a href=\"http:\/\/www.ncbi.nlm.nih.gov\/pubmed?term=Sturgeon%20SR%5BAuthor%5D&amp;cauthor=true&amp;cauthor_uid=20137057\">Sturgeon SR<\/a>, <a href=\"http:\/\/www.ncbi.nlm.nih.gov\/pubmed?term=Ronnenberg%20AG%5BAuthor%5D&amp;cauthor=true&amp;cauthor_uid=20137057\">Ronnenberg AG<\/a>.: Pomegranate and breast cancer: possible mechanisms of prevention. <a href=\"http:\/\/www.ncbi.nlm.nih.gov\/pubmed\/20137057\">Nutr Rev.<\/a> 2010 Feb;68(2):122-8. doi: 10.1111\/j.1753-4887.2009.00268.x.<br \/>\nNaturalsociety.com<br \/>\n<a href=\"http:\/\/www.aacr.org\/home\/public--media\/aacr-press-releases\">http:\/\/www.aacr.org\/home\/public&#8211;media\/aacr-press-releases<\/a>.<\/p>\n","protected":false},"excerpt":{"rendered":"<p>Granat\u00e6bler er traditionelt blevet anset for at v\u00e6re et symbol p\u00e5 fremgang og fertilitet i mange kulturer. I dag kommer der hele tiden ny forskning, som bekr\u00e6fter frugtens sundhedsfremmende egenskaber. I 2011 registrerede det amerikanske National Institute of Health 32 &hellip; <a href=\"https:\/\/xn--nrdiagnosenerbrystkrft-o5b7b.dk\/index.php\/artikler\/granataebler-er-en-naturlig-aromatase-haemmer\/\">L\u00e6s resten <span class=\"meta-nav\">&rarr;<\/span><\/a><\/p>\n","protected":false},"author":1,"featured_media":0,"parent":59,"menu_order":0,"comment_status":"closed","ping_status":"closed","template":"","meta":{"footnotes":""},"class_list":["post-117","page","type-page","status-publish","hentry"],"_links":{"self":[{"href":"https:\/\/xn--nrdiagnosenerbrystkrft-o5b7b.dk\/index.php\/wp-json\/wp\/v2\/pages\/117","targetHints":{"allow":["GET"]}}],"collection":[{"href":"https:\/\/xn--nrdiagnosenerbrystkrft-o5b7b.dk\/index.php\/wp-json\/wp\/v2\/pages"}],"about":[{"href":"https:\/\/xn--nrdiagnosenerbrystkrft-o5b7b.dk\/index.php\/wp-json\/wp\/v2\/types\/page"}],"author":[{"embeddable":true,"href":"https:\/\/xn--nrdiagnosenerbrystkrft-o5b7b.dk\/index.php\/wp-json\/wp\/v2\/users\/1"}],"replies":[{"embeddable":true,"href":"https:\/\/xn--nrdiagnosenerbrystkrft-o5b7b.dk\/index.php\/wp-json\/wp\/v2\/comments?post=117"}],"version-history":[{"count":1,"href":"https:\/\/xn--nrdiagnosenerbrystkrft-o5b7b.dk\/index.php\/wp-json\/wp\/v2\/pages\/117\/revisions"}],"predecessor-version":[{"id":119,"href":"https:\/\/xn--nrdiagnosenerbrystkrft-o5b7b.dk\/index.php\/wp-json\/wp\/v2\/pages\/117\/revisions\/119"}],"up":[{"embeddable":true,"href":"https:\/\/xn--nrdiagnosenerbrystkrft-o5b7b.dk\/index.php\/wp-json\/wp\/v2\/pages\/59"}],"wp:attachment":[{"href":"https:\/\/xn--nrdiagnosenerbrystkrft-o5b7b.dk\/index.php\/wp-json\/wp\/v2\/media?parent=117"}],"curies":[{"name":"wp","href":"https:\/\/api.w.org\/{rel}","templated":true}]}}