{"id":113,"date":"2017-02-12T12:24:48","date_gmt":"2017-02-12T12:24:48","guid":{"rendered":"http:\/\/xn--nrdiagnosenerbrystkrft-o5b7b.dk\/?page_id=113"},"modified":"2017-02-12T12:25:04","modified_gmt":"2017-02-12T12:25:04","slug":"granataebler-haemmer-brystkraeft","status":"publish","type":"page","link":"https:\/\/xn--nrdiagnosenerbrystkrft-o5b7b.dk\/index.php\/artikler\/granataebler-haemmer-brystkraeft\/","title":{"rendered":"Granat\u00e6bler h\u00e6mmer brystkr\u00e6ft"},"content":{"rendered":"<p><strong>\u00a0<\/strong>Granat\u00e6bler kender vi alle fra gr\u00f8nthandlerens hylder som en eksotisk frugt, med knaldr\u00f8de kerner, som smager herligt i salat. Forskning tyder nu ogs\u00e5\u00a0p\u00e5, at de\u00a0herudover har en kr\u00e6fth\u00e6mmende effekt i forhold til flere kr\u00e6ftformer.<\/p>\n<p>Granat\u00e6bler indeholder ligesom gr\u00f8n the masser af gavnlige plantestoffer, og frugten har gennem historien har v\u00e6ret brugt som en v\u00e6rdsat medicinsk plante.<\/p>\n<p>Det er imidlertid f\u00f8rst indenfor de senere \u00e5r, at forskningen for alvor har bekr\u00e6ftet dens sundhedsfremmende egenskaber.<a href=\"http:\/\/n\u00e5rdiagnosenerbrystkr\u00e6ft.dk\/wp-admin\/post-new.php?post_type=page#_ftn1\" name=\"_ftnref1\">[1]<\/a><\/p>\n<p><img loading=\"lazy\" decoding=\"async\" class=\"size-medium wp-image-115 alignright\" src=\"http:\/\/xn--nrdiagnosenerbrystkrft-o5b7b.dk\/wp-content\/uploads\/2017\/02\/granat\u00e6ble-tr\u00e62-234x300.jpg\" alt=\"\" width=\"234\" height=\"300\" srcset=\"https:\/\/xn--nrdiagnosenerbrystkrft-o5b7b.dk\/wp-content\/uploads\/2017\/02\/granat\u00e6ble-tr\u00e62-234x300.jpg 234w, https:\/\/xn--nrdiagnosenerbrystkrft-o5b7b.dk\/wp-content\/uploads\/2017\/02\/granat\u00e6ble-tr\u00e62.jpg 250w\" sizes=\"auto, (max-width: 234px) 100vw, 234px\" \/><\/p>\n<p>B\u00e5de juice, skal og olie har udover anti-inflammatoriske egenskaber ogs\u00e5 vist sig at have kr\u00e6fth\u00e6mmende egenskaber, som p\u00e5virker b\u00e5de kr\u00e6ftcellernes v\u00e6kst og reproduktion, kontrollen med cellecyklus, spredning og dannelsen af de nye blodkar til kr\u00e6ftknuden, som er en betingelse for at knuden kan vokse.<a href=\"http:\/\/n\u00e5rdiagnosenerbrystkr\u00e6ft.dk\/wp-admin\/post-new.php?post_type=page#_ftn2\" name=\"_ftnref2\">[2]<\/a><\/p>\n<p>Flere laboratoriefors\u00f8g har vist, at granat\u00e6blernes kr\u00e6fth\u00e6mmende effekt skyldes den samlede synergistiske effekt af de mange forskellige stoffer i frugten, fort\u00e6ller James Kumi-Diaka, som er assisterende professor i biologisk videnskab ved Florida Atlantic Universitetet i USA.<\/p>\n<p>De har anvendt granat\u00e6ble ekstrakt p\u00e5 bl.a. brystkr\u00e6ftceller og vist, at der er stoffer i de forskellige dele af frugten, som alle h\u00e6mmer kr\u00e6ftcellernes v\u00e6kst. Dr. Kumi-Diakas laboratorie har bl.a. studeret en cellekultur med humane brystkr\u00e6ftceller. Granat\u00e6ble p\u00e5virkede her nogle signalveje, som er involveret i kontrollen af celledelingen. Granat\u00e6ble ekstrakt har vist sig at h\u00e6mme kr\u00e6ftens v\u00e6kst ved at fremme kr\u00e6ftcellernes udslettelse ved at f\u00e5 dem til at beg\u00e5 selvmord (apoptose). Observationerne er senere bekr\u00e6ftet ved musefors\u00f8g.<\/p>\n<p>I et lignende lovende studie reduceredes tumorerne i et laboratoriefors\u00f8g med musebrystkirtler med hele 87% ved at anvende renset granat\u00e6ble ekstrakt og granat\u00e6blefr\u00f8 olie<a href=\"http:\/\/n\u00e5rdiagnosenerbrystkr\u00e6ft.dk\/wp-admin\/post-new.php?post_type=page#_ftn3\" name=\"_ftnref3\">[3]<\/a>.<\/p>\n<p>Forskeren anbefaler, at man indtager det, der svarer til et middelstort granat\u00e6ble dagligt i form af juice eller fr\u00f8 dagligt. Granat\u00e6ble ekstrakt f\u00e5s ogs\u00e5 som kosttilskud.<\/p>\n<p>&nbsp;<\/p>\n<p>&nbsp;<\/p>\n<p><strong>Referencer:<br \/>\n<\/strong><a href=\"http:\/\/n\u00e5rdiagnosenerbrystkr\u00e6ft.dk\/wp-admin\/post-new.php?post_type=page#_ftnref1\" name=\"_ftn1\">[1]<\/a> Lansky EP, Newman RA. Punica granatum (pomegranate) and its potential for prevention and treatment of inflammation and cancer. J Ethnopharmacol. 2007 Jan 19;109(2):177-206.<\/p>\n<p><a href=\"http:\/\/n\u00e5rdiagnosenerbrystkr\u00e6ft.dk\/wp-admin\/post-new.php?post_type=page#_ftnref2\" name=\"_ftn2\">[2]<\/a> Toi M, Bando H, Ramachandran C, et al. Preliminary studies on the anti-angiogenic potential of pomegranate fractions in vitro and in vivo. Angiogenesis. 2003;6(2):121-8. Lansky EP, Newman RA. Punica granatum (pomegranate) and its potential for prevention and treatment of inflammation and cancer. J Ethnopharmacol. 2007 Jan 19;109(2):177-206. Kim ND, Mehta R, Yu W, et al. Chemopreventive and adjuvant therapeutic potential of pomegranate (Punica granatum) for human breast cancer. Breast Cancer Res Treat. 2002 Feb;71(3):203-17.<\/p>\n<p><a href=\"http:\/\/n\u00e5rdiagnosenerbrystkr\u00e6ft.dk\/wp-admin\/post-new.php?post_type=page#_ftnref3\" name=\"_ftn3\">[3]<\/a> Mehta R, Lansky EP. Breast cancer chemopreventive properties of pomegranate (Punica granatum) fruit extracts in a mouse mammary organ culture. Eur J Cancer Prev. 2004 Aug;13(4):345-8. <a href=\"http:\/\/www.lef.org\/\">www.lef.org<\/a><\/p>\n<p>&nbsp;<\/p>\n","protected":false},"excerpt":{"rendered":"<p>\u00a0Granat\u00e6bler kender vi alle fra gr\u00f8nthandlerens hylder som en eksotisk frugt, med knaldr\u00f8de kerner, som smager herligt i salat. Forskning tyder nu ogs\u00e5\u00a0p\u00e5, at de\u00a0herudover har en kr\u00e6fth\u00e6mmende effekt i forhold til flere kr\u00e6ftformer. Granat\u00e6bler indeholder ligesom gr\u00f8n the masser &hellip; <a href=\"https:\/\/xn--nrdiagnosenerbrystkrft-o5b7b.dk\/index.php\/artikler\/granataebler-haemmer-brystkraeft\/\">L\u00e6s resten <span class=\"meta-nav\">&rarr;<\/span><\/a><\/p>\n","protected":false},"author":1,"featured_media":0,"parent":59,"menu_order":0,"comment_status":"closed","ping_status":"closed","template":"","meta":{"footnotes":""},"class_list":["post-113","page","type-page","status-publish","hentry"],"_links":{"self":[{"href":"https:\/\/xn--nrdiagnosenerbrystkrft-o5b7b.dk\/index.php\/wp-json\/wp\/v2\/pages\/113","targetHints":{"allow":["GET"]}}],"collection":[{"href":"https:\/\/xn--nrdiagnosenerbrystkrft-o5b7b.dk\/index.php\/wp-json\/wp\/v2\/pages"}],"about":[{"href":"https:\/\/xn--nrdiagnosenerbrystkrft-o5b7b.dk\/index.php\/wp-json\/wp\/v2\/types\/page"}],"author":[{"embeddable":true,"href":"https:\/\/xn--nrdiagnosenerbrystkrft-o5b7b.dk\/index.php\/wp-json\/wp\/v2\/users\/1"}],"replies":[{"embeddable":true,"href":"https:\/\/xn--nrdiagnosenerbrystkrft-o5b7b.dk\/index.php\/wp-json\/wp\/v2\/comments?post=113"}],"version-history":[{"count":1,"href":"https:\/\/xn--nrdiagnosenerbrystkrft-o5b7b.dk\/index.php\/wp-json\/wp\/v2\/pages\/113\/revisions"}],"predecessor-version":[{"id":116,"href":"https:\/\/xn--nrdiagnosenerbrystkrft-o5b7b.dk\/index.php\/wp-json\/wp\/v2\/pages\/113\/revisions\/116"}],"up":[{"embeddable":true,"href":"https:\/\/xn--nrdiagnosenerbrystkrft-o5b7b.dk\/index.php\/wp-json\/wp\/v2\/pages\/59"}],"wp:attachment":[{"href":"https:\/\/xn--nrdiagnosenerbrystkrft-o5b7b.dk\/index.php\/wp-json\/wp\/v2\/media?parent=113"}],"curies":[{"name":"wp","href":"https:\/\/api.w.org\/{rel}","templated":true}]}}