{"id":110,"date":"2017-02-12T12:14:34","date_gmt":"2017-02-12T12:14:34","guid":{"rendered":"http:\/\/xn--nrdiagnosenerbrystkrft-o5b7b.dk\/?page_id=110"},"modified":"2017-02-12T12:14:41","modified_gmt":"2017-02-12T12:14:41","slug":"ginseng-forbedrer-overlevelse-og-livskvalitet-for-brystkraeft-patienter","status":"publish","type":"page","link":"https:\/\/xn--nrdiagnosenerbrystkrft-o5b7b.dk\/index.php\/artikler\/ginseng-forbedrer-overlevelse-og-livskvalitet-for-brystkraeft-patienter\/","title":{"rendered":"Ginseng forbedrer overlevelse og livskvalitet for brystkr\u00e6ft patienter"},"content":{"rendered":"<p><strong>Ginseng forbedrer overlevelse og livskvalitet for brystkr\u00e6ft patienter<\/strong><\/p>\n<p>Ginseng tages typisk for at for\u00f8ge fysisk udholdenhed og reducere tr\u00e6thed og fysisk stress, men urten har ogs\u00e5 vist sig at kunne v\u00e6re en hj\u00e6lp til bedre overlevelse af en kr\u00e6ftsygdom. B\u00e5de laboratorie- og dyrefors\u00f8g har tidligere tydet p\u00e5 kr\u00e6fth\u00e6mmende egenskaber hos Ginseng og det bekr\u00e6ftes af et kinesisk studie.<\/p>\n<p><img loading=\"lazy\" decoding=\"async\" class=\"size-full wp-image-111 alignright\" src=\"http:\/\/xn--nrdiagnosenerbrystkrft-o5b7b.dk\/wp-content\/uploads\/2017\/02\/ginseng4.jpg\" alt=\"\" width=\"243\" height=\"254\" \/><\/p>\n<p>I et populationsstudie med 1.455 brystkr\u00e6ftpatienter i Shanghai viste det sig, at kvinder, der brugte Ginseng f\u00f8r de fik en brystkr\u00e6ft diagnose levede l\u00e6ngere, mens de, der startede med at tage den efter diagnosen oplevede en bedre livskvalitet.<\/p>\n<p>I l\u00f8bet af en opf\u00f8lgningsperiode p\u00e5 gennemsnitligt 4,8 \u00e5r, fandt forskerne, at for de kvinder, der havde taget Ginseng regelm\u00e6ssigt f\u00f8r diagnosen var overlevelsen 88,6% mod 80% for de, der ikke havde taget Ginseng tidligere. Herudover havde Ginseng-brugerne ogs\u00e5 en l\u00e6ngere sygdomsfri overlevelsesperiode p\u00e5 83,8 vs 77,4.<a href=\"http:\/\/n\u00e5rdiagnosenerbrystkr\u00e6ft.dk\/wp-admin\/post-new.php?post_type=page#_ftn1\" name=\"_ftnref1\">[1]<\/a><\/p>\n<p><strong>Reference:<br \/>\n<\/strong><a href=\"http:\/\/n\u00e5rdiagnosenerbrystkr\u00e6ft.dk\/wp-admin\/post-new.php?post_type=page#_ftnref1\" name=\"_ftn1\">[1]<\/a> Cui Y, Shu XO, Gao YT, Cai H, Tao MH, Zheng W. Association of ginseng use with survival and quality of life among breast cancer patients. Am J Epidemiol. 2006 Apr 1;163(7):645-53. <a href=\"http:\/\/www.lef.org\/\">http:\/\/www.lef.org<\/a><\/p>\n","protected":false},"excerpt":{"rendered":"<p>Ginseng forbedrer overlevelse og livskvalitet for brystkr\u00e6ft patienter Ginseng tages typisk for at for\u00f8ge fysisk udholdenhed og reducere tr\u00e6thed og fysisk stress, men urten har ogs\u00e5 vist sig at kunne v\u00e6re en hj\u00e6lp til bedre overlevelse af en kr\u00e6ftsygdom. B\u00e5de &hellip; <a href=\"https:\/\/xn--nrdiagnosenerbrystkrft-o5b7b.dk\/index.php\/artikler\/ginseng-forbedrer-overlevelse-og-livskvalitet-for-brystkraeft-patienter\/\">L\u00e6s resten <span class=\"meta-nav\">&rarr;<\/span><\/a><\/p>\n","protected":false},"author":1,"featured_media":0,"parent":59,"menu_order":0,"comment_status":"closed","ping_status":"closed","template":"","meta":{"footnotes":""},"class_list":["post-110","page","type-page","status-publish","hentry"],"_links":{"self":[{"href":"https:\/\/xn--nrdiagnosenerbrystkrft-o5b7b.dk\/index.php\/wp-json\/wp\/v2\/pages\/110","targetHints":{"allow":["GET"]}}],"collection":[{"href":"https:\/\/xn--nrdiagnosenerbrystkrft-o5b7b.dk\/index.php\/wp-json\/wp\/v2\/pages"}],"about":[{"href":"https:\/\/xn--nrdiagnosenerbrystkrft-o5b7b.dk\/index.php\/wp-json\/wp\/v2\/types\/page"}],"author":[{"embeddable":true,"href":"https:\/\/xn--nrdiagnosenerbrystkrft-o5b7b.dk\/index.php\/wp-json\/wp\/v2\/users\/1"}],"replies":[{"embeddable":true,"href":"https:\/\/xn--nrdiagnosenerbrystkrft-o5b7b.dk\/index.php\/wp-json\/wp\/v2\/comments?post=110"}],"version-history":[{"count":1,"href":"https:\/\/xn--nrdiagnosenerbrystkrft-o5b7b.dk\/index.php\/wp-json\/wp\/v2\/pages\/110\/revisions"}],"predecessor-version":[{"id":112,"href":"https:\/\/xn--nrdiagnosenerbrystkrft-o5b7b.dk\/index.php\/wp-json\/wp\/v2\/pages\/110\/revisions\/112"}],"up":[{"embeddable":true,"href":"https:\/\/xn--nrdiagnosenerbrystkrft-o5b7b.dk\/index.php\/wp-json\/wp\/v2\/pages\/59"}],"wp:attachment":[{"href":"https:\/\/xn--nrdiagnosenerbrystkrft-o5b7b.dk\/index.php\/wp-json\/wp\/v2\/media?parent=110"}],"curies":[{"name":"wp","href":"https:\/\/api.w.org\/{rel}","templated":true}]}}